{"id":1337,"date":"2025-08-21T16:42:48","date_gmt":"2025-08-21T14:42:48","guid":{"rendered":"https:\/\/instinctshape.fr\/?page_id=1337"},"modified":"2025-08-21T19:10:44","modified_gmt":"2025-08-21T17:10:44","slug":"a-propos","status":"publish","type":"page","link":"https:\/\/instinctshape.fr\/?page_id=1337","title":{"rendered":"A propos"},"content":{"rendered":"\n<hr class=\"wp-block-separator has-alpha-channel-opacity is-style-wide\"\/>\n\n\n\n<h2 class=\"wp-block-heading\">A propos<\/h2>\n\n\n\n<h6 class=\"wp-block-heading\">Shaper breton passionn\u00e9, je fa\u00e7onne mes premi\u00e8res planches d\u00e8s l\u2019adolescence avant de me lancer dans la conception de foils au d\u00e9but des ann\u00e9es 2010. <\/h6>\n\n\n\n<h6 class=\"wp-block-heading\">En 2013, je cr\u00e9e\u00a0<strong>So Carbon<\/strong>\u00a0et d\u00e9veloppe la marque\u00a0<strong>Spotz<\/strong>, rapidement reconnue \u00e0 l\u2019international pour ses <strong>foils en carbone haute performance<\/strong>.<\/h6>\n\n\n\n<h6 class=\"wp-block-heading\">Depuis 2021, je poursuis l\u2019aventure avec\u00a0<strong>Instinct Shape<\/strong>, mon atelier de shape \u00e0 Plouguerneau, o\u00f9 je con\u00e7ois et fabrique des planches et foils sur mesure, alliant innovation, savoir-faire et proximit\u00e9 avec les riders.<\/h6>\n\n\n\n<p><a href=\"https:\/\/www.letelegramme.fr\/economie\/entreprise\/kitefoil-spotz-socarbon-s-envole-8525.php\">Lire l&rsquo;article du T\u00e9l\u00e9gramme \u00e0 propos de So Carbon<\/a><\/p>\n\n\n\n<p><\/p>\n\n\n\n<hr class=\"wp-block-separator has-alpha-channel-opacity is-style-wide\"\/>\n\n\n\n<div class=\"wp-block-columns alignfull is-layout-flex wp-container-core-columns-is-layout-28f84493 wp-block-columns-is-layout-flex\">\n<div class=\"wp-block-column is-layout-flow wp-block-column-is-layout-flow\">\n<figure class=\"wp-block-image aligncenter size-full is-resized\"><img loading=\"lazy\" decoding=\"async\" width=\"300\" height=\"169\" src=\"http:\/\/instinctshape.fr\/wp-content\/uploads\/2021\/02\/instinct-shape-211230-scaled-e1640869483983.jpg\" alt=\"Instinct Shape logo\" class=\"wp-image-1037\" style=\"width:150px\" srcset=\"https:\/\/instinctshape.fr\/wp-content\/uploads\/2021\/02\/instinct-shape-211230-scaled-e1640869483983.jpg 300w, https:\/\/instinctshape.fr\/wp-content\/uploads\/2021\/02\/instinct-shape-211230-scaled-e1640869483983-185x104.jpg 185w\" sizes=\"auto, (max-width: 300px) 100vw, 300px\" \/><\/figure>\n<\/div>\n\n\n\n<div class=\"wp-block-column is-vertically-aligned-center is-layout-flow wp-block-column-is-layout-flow\">\n<p class=\"has-text-align-center has-ast-global-color-1-color has-text-color has-link-color wp-elements-397e188914e56151c6b4b79df30bd0a4\"><strong>Kervelogan 29880 PLOUGUERNEAU<br>06 64 18 68 42<br>contact@instinctshape.fr<\/strong><\/p>\n<\/div>\n\n\n\n<div class=\"wp-block-column is-layout-flow wp-block-column-is-layout-flow\">\n<p class=\"has-text-align-center has-ast-global-color-1-color has-text-color has-link-color wp-elements-5f6003bf0dbc22fb30e793a386b47abd\"><strong><a href=\"https:\/\/instinctshape.fr\/\">Accueil<\/a><br><a data-type=\"page\" data-id=\"1174\" href=\"https:\/\/instinctshape.fr\/?page_id=1174\">Planches<\/a><br><a data-type=\"page\" data-id=\"1263\" href=\"https:\/\/instinctshape.fr\/?page_id=1263\">Fabrication<\/a><br><a href=\"https:\/\/instinctshape.fr\/?page_id=1337\">A propos<\/a><\/strong><br><strong><a href=\"https:\/\/instinctshape.fr\/?page_id=27\">Contact<\/a><\/strong><\/p>\n<\/div>\n\n\n\n<div class=\"wp-block-column is-vertically-aligned-center is-layout-flow wp-block-column-is-layout-flow\">\n<ul class=\"wp-block-social-links is-content-justification-center is-layout-flex wp-container-core-social-links-is-layout-a89b3969 wp-block-social-links-is-layout-flex\"><li class=\"wp-social-link wp-social-link-mail  wp-block-social-link\"><a href=\"https:\/\/instinctshape.fr\/?page_id=27\" class=\"wp-block-social-link-anchor\"><svg width=\"24\" height=\"24\" viewBox=\"0 0 24 24\" version=\"1.1\" xmlns=\"http:\/\/www.w3.org\/2000\/svg\" aria-hidden=\"true\" focusable=\"false\"><path d=\"M19,5H5c-1.1,0-2,.9-2,2v10c0,1.1.9,2,2,2h14c1.1,0,2-.9,2-2V7c0-1.1-.9-2-2-2zm.5,12c0,.3-.2.5-.5.5H5c-.3,0-.5-.2-.5-.5V9.8l7.5,5.6,7.5-5.6V17zm0-9.1L12,13.6,4.5,7.9V7c0-.3.2-.5.5-.5h14c.3,0,.5.2.5.5v.9z\"><\/path><\/svg><span class=\"wp-block-social-link-label screen-reader-text\">E-mail<\/span><\/a><\/li>\n\n<li class=\"wp-social-link wp-social-link-facebook  wp-block-social-link\"><a href=\"https:\/\/www.facebook.com\/profile.php?id=61577896174307\" class=\"wp-block-social-link-anchor\"><svg width=\"24\" height=\"24\" viewBox=\"0 0 24 24\" version=\"1.1\" xmlns=\"http:\/\/www.w3.org\/2000\/svg\" aria-hidden=\"true\" focusable=\"false\"><path d=\"M12 2C6.5 2 2 6.5 2 12c0 5 3.7 9.1 8.4 9.9v-7H7.9V12h2.5V9.8c0-2.5 1.5-3.9 3.8-3.9 1.1 0 2.2.2 2.2.2v2.5h-1.3c-1.2 0-1.6.8-1.6 1.6V12h2.8l-.4 2.9h-2.3v7C18.3 21.1 22 17 22 12c0-5.5-4.5-10-10-10z\"><\/path><\/svg><span class=\"wp-block-social-link-label screen-reader-text\">Facebook<\/span><\/a><\/li><\/ul>\n<\/div>\n<\/div>\n","protected":false},"excerpt":{"rendered":"<p>A propos Shaper breton passionn\u00e9, je fa\u00e7onne mes premi\u00e8res planches d\u00e8s l\u2019adolescence avant de me lancer dans la conception de foils au d\u00e9but des ann\u00e9es 2010. En 2013, je cr\u00e9e\u00a0So Carbon\u00a0et d\u00e9veloppe la marque\u00a0Spotz, rapidement reconnue \u00e0 l\u2019international pour ses foils en carbone haute performance. Depuis 2021, je poursuis l\u2019aventure avec\u00a0Instinct Shape, mon atelier de [&hellip;]<\/p>\n","protected":false},"author":1,"featured_media":0,"parent":0,"menu_order":0,"comment_status":"closed","ping_status":"closed","template":"","meta":{"site-sidebar-layout":"default","site-content-layout":"","ast-site-content-layout":"normal-width-container","site-content-style":"unboxed","site-sidebar-style":"default","ast-global-header-display":"","ast-banner-title-visibility":"","ast-main-header-display":"","ast-hfb-above-header-display":"","ast-hfb-below-header-display":"","ast-hfb-mobile-header-display":"","site-post-title":"disabled","ast-breadcrumbs-content":"","ast-featured-img":"","footer-sml-layout":"","theme-transparent-header-meta":"","adv-header-id-meta":"","stick-header-meta":"","header-above-stick-meta":"","header-main-stick-meta":"","header-below-stick-meta":"","astra-migrate-meta-layouts":"set","ast-page-background-enabled":"default","ast-page-background-meta":{"desktop":{"background-color":"","background-image":"","background-repeat":"repeat","background-position":"center center","background-size":"auto","background-attachment":"scroll","background-type":"","background-media":"","overlay-type":"","overlay-color":"","overlay-opacity":"","overlay-gradient":""},"tablet":{"background-color":"","background-image":"","background-repeat":"repeat","background-position":"center center","background-size":"auto","background-attachment":"scroll","background-type":"","background-media":"","overlay-type":"","overlay-color":"","overlay-opacity":"","overlay-gradient":""},"mobile":{"background-color":"","background-image":"","background-repeat":"repeat","background-position":"center center","background-size":"auto","background-attachment":"scroll","background-type":"","background-media":"","overlay-type":"","overlay-color":"","overlay-opacity":"","overlay-gradient":""}},"ast-content-background-meta":{"desktop":{"background-color":"var(--ast-global-color-5)","background-image":"","background-repeat":"repeat","background-position":"center center","background-size":"auto","background-attachment":"scroll","background-type":"","background-media":"","overlay-type":"","overlay-color":"","overlay-opacity":"","overlay-gradient":""},"tablet":{"background-color":"var(--ast-global-color-5)","background-image":"","background-repeat":"repeat","background-position":"center center","background-size":"auto","background-attachment":"scroll","background-type":"","background-media":"","overlay-type":"","overlay-color":"","overlay-opacity":"","overlay-gradient":""},"mobile":{"background-color":"var(--ast-global-color-5)","background-image":"","background-repeat":"repeat","background-position":"center center","background-size":"auto","background-attachment":"scroll","background-type":"","background-media":"","overlay-type":"","overlay-color":"","overlay-opacity":"","overlay-gradient":""}},"footnotes":""},"class_list":["post-1337","page","type-page","status-publish","hentry"],"yoast_head":"<!-- This site is optimized with the Yoast SEO plugin v25.7 - https:\/\/yoast.com\/wordpress\/plugins\/seo\/ -->\n<title>A propos - Instinct Shape<\/title>\n<meta name=\"robots\" content=\"index, follow, max-snippet:-1, max-image-preview:large, max-video-preview:-1\" \/>\n<link rel=\"canonical\" href=\"https:\/\/instinctshape.fr\/?page_id=1337\" \/>\n<meta property=\"og:locale\" content=\"fr_FR\" \/>\n<meta property=\"og:type\" content=\"article\" \/>\n<meta property=\"og:title\" content=\"A propos - Instinct Shape\" \/>\n<meta property=\"og:description\" content=\"A propos Shaper breton passionn\u00e9, je fa\u00e7onne mes premi\u00e8res planches d\u00e8s l\u2019adolescence avant de me lancer dans la conception de foils au d\u00e9but des ann\u00e9es 2010. En 2013, je cr\u00e9e\u00a0So Carbon\u00a0et d\u00e9veloppe la marque\u00a0Spotz, rapidement reconnue \u00e0 l\u2019international pour ses foils en carbone haute performance. Depuis 2021, je poursuis l\u2019aventure avec\u00a0Instinct Shape, mon atelier de [&hellip;]\" \/>\n<meta property=\"og:url\" content=\"https:\/\/instinctshape.fr\/?page_id=1337\" \/>\n<meta property=\"og:site_name\" content=\"Instinct Shape\" \/>\n<meta property=\"article:publisher\" content=\"https:\/\/www.facebook.com\/profile.php?id=61577896174307\" \/>\n<meta property=\"article:modified_time\" content=\"2025-08-21T17:10:44+00:00\" \/>\n<meta property=\"og:image\" content=\"https:\/\/instinctshape.fr\/wp-content\/uploads\/2021\/02\/instinct-shape-211230-scaled-e1640869483983.jpg\" \/>\n\t<meta property=\"og:image:width\" content=\"300\" \/>\n\t<meta property=\"og:image:height\" content=\"169\" \/>\n\t<meta property=\"og:image:type\" content=\"image\/jpeg\" \/>\n<meta name=\"twitter:card\" content=\"summary_large_image\" \/>\n<meta name=\"twitter:label1\" content=\"Dur\u00e9e de lecture estim\u00e9e\" \/>\n\t<meta name=\"twitter:data1\" content=\"1 minute\" \/>\n<script type=\"application\/ld+json\" class=\"yoast-schema-graph\">{\"@context\":\"https:\/\/schema.org\",\"@graph\":[{\"@type\":\"WebPage\",\"@id\":\"https:\/\/instinctshape.fr\/?page_id=1337\",\"url\":\"https:\/\/instinctshape.fr\/?page_id=1337\",\"name\":\"A propos - Instinct Shape\",\"isPartOf\":{\"@id\":\"https:\/\/instinctshape.fr\/#website\"},\"primaryImageOfPage\":{\"@id\":\"https:\/\/instinctshape.fr\/?page_id=1337#primaryimage\"},\"image\":{\"@id\":\"https:\/\/instinctshape.fr\/?page_id=1337#primaryimage\"},\"thumbnailUrl\":\"http:\/\/instinctshape.fr\/wp-content\/uploads\/2021\/02\/instinct-shape-211230-scaled-e1640869483983.jpg\",\"datePublished\":\"2025-08-21T14:42:48+00:00\",\"dateModified\":\"2025-08-21T17:10:44+00:00\",\"breadcrumb\":{\"@id\":\"https:\/\/instinctshape.fr\/?page_id=1337#breadcrumb\"},\"inLanguage\":\"fr-FR\",\"potentialAction\":[{\"@type\":\"ReadAction\",\"target\":[\"https:\/\/instinctshape.fr\/?page_id=1337\"]}]},{\"@type\":\"ImageObject\",\"inLanguage\":\"fr-FR\",\"@id\":\"https:\/\/instinctshape.fr\/?page_id=1337#primaryimage\",\"url\":\"https:\/\/instinctshape.fr\/wp-content\/uploads\/2021\/02\/instinct-shape-211230-scaled-e1640869483983.jpg\",\"contentUrl\":\"https:\/\/instinctshape.fr\/wp-content\/uploads\/2021\/02\/instinct-shape-211230-scaled-e1640869483983.jpg\",\"width\":300,\"height\":169,\"caption\":\"Logo de l'atelier\"},{\"@type\":\"BreadcrumbList\",\"@id\":\"https:\/\/instinctshape.fr\/?page_id=1337#breadcrumb\",\"itemListElement\":[{\"@type\":\"ListItem\",\"position\":1,\"name\":\"Accueil\",\"item\":\"https:\/\/instinctshape.fr\/\"},{\"@type\":\"ListItem\",\"position\":2,\"name\":\"A propos\"}]},{\"@type\":\"WebSite\",\"@id\":\"https:\/\/instinctshape.fr\/#website\",\"url\":\"https:\/\/instinctshape.fr\/\",\"name\":\"Instinct Shape\",\"description\":\"D\u00e9veloppement et shape de planches de surf, paddle, wing, windsurf, classiques ou pour le foil\",\"publisher\":{\"@id\":\"https:\/\/instinctshape.fr\/#organization\"},\"potentialAction\":[{\"@type\":\"SearchAction\",\"target\":{\"@type\":\"EntryPoint\",\"urlTemplate\":\"https:\/\/instinctshape.fr\/?s={search_term_string}\"},\"query-input\":{\"@type\":\"PropertyValueSpecification\",\"valueRequired\":true,\"valueName\":\"search_term_string\"}}],\"inLanguage\":\"fr-FR\"},{\"@type\":\"Organization\",\"@id\":\"https:\/\/instinctshape.fr\/#organization\",\"name\":\"Instinct Shape\",\"url\":\"https:\/\/instinctshape.fr\/\",\"logo\":{\"@type\":\"ImageObject\",\"inLanguage\":\"fr-FR\",\"@id\":\"https:\/\/instinctshape.fr\/#\/schema\/logo\/image\/\",\"url\":\"https:\/\/instinctshape.fr\/wp-content\/uploads\/2021\/02\/instinct-shape-211230-scaled-e1640869483983.jpg\",\"contentUrl\":\"https:\/\/instinctshape.fr\/wp-content\/uploads\/2021\/02\/instinct-shape-211230-scaled-e1640869483983.jpg\",\"width\":300,\"height\":169,\"caption\":\"Instinct Shape\"},\"image\":{\"@id\":\"https:\/\/instinctshape.fr\/#\/schema\/logo\/image\/\"},\"sameAs\":[\"https:\/\/www.facebook.com\/profile.php?id=61577896174307\"]}]}<\/script>\n<!-- \/ Yoast SEO plugin. -->","yoast_head_json":{"title":"A propos - Instinct Shape","robots":{"index":"index","follow":"follow","max-snippet":"max-snippet:-1","max-image-preview":"max-image-preview:large","max-video-preview":"max-video-preview:-1"},"canonical":"https:\/\/instinctshape.fr\/?page_id=1337","og_locale":"fr_FR","og_type":"article","og_title":"A propos - Instinct Shape","og_description":"A propos Shaper breton passionn\u00e9, je fa\u00e7onne mes premi\u00e8res planches d\u00e8s l\u2019adolescence avant de me lancer dans la conception de foils au d\u00e9but des ann\u00e9es 2010. En 2013, je cr\u00e9e\u00a0So Carbon\u00a0et d\u00e9veloppe la marque\u00a0Spotz, rapidement reconnue \u00e0 l\u2019international pour ses foils en carbone haute performance. Depuis 2021, je poursuis l\u2019aventure avec\u00a0Instinct Shape, mon atelier de [&hellip;]","og_url":"https:\/\/instinctshape.fr\/?page_id=1337","og_site_name":"Instinct Shape","article_publisher":"https:\/\/www.facebook.com\/profile.php?id=61577896174307","article_modified_time":"2025-08-21T17:10:44+00:00","og_image":[{"width":300,"height":169,"url":"https:\/\/instinctshape.fr\/wp-content\/uploads\/2021\/02\/instinct-shape-211230-scaled-e1640869483983.jpg","type":"image\/jpeg"}],"twitter_card":"summary_large_image","twitter_misc":{"Dur\u00e9e de lecture estim\u00e9e":"1 minute"},"schema":{"@context":"https:\/\/schema.org","@graph":[{"@type":"WebPage","@id":"https:\/\/instinctshape.fr\/?page_id=1337","url":"https:\/\/instinctshape.fr\/?page_id=1337","name":"A propos - Instinct Shape","isPartOf":{"@id":"https:\/\/instinctshape.fr\/#website"},"primaryImageOfPage":{"@id":"https:\/\/instinctshape.fr\/?page_id=1337#primaryimage"},"image":{"@id":"https:\/\/instinctshape.fr\/?page_id=1337#primaryimage"},"thumbnailUrl":"http:\/\/instinctshape.fr\/wp-content\/uploads\/2021\/02\/instinct-shape-211230-scaled-e1640869483983.jpg","datePublished":"2025-08-21T14:42:48+00:00","dateModified":"2025-08-21T17:10:44+00:00","breadcrumb":{"@id":"https:\/\/instinctshape.fr\/?page_id=1337#breadcrumb"},"inLanguage":"fr-FR","potentialAction":[{"@type":"ReadAction","target":["https:\/\/instinctshape.fr\/?page_id=1337"]}]},{"@type":"ImageObject","inLanguage":"fr-FR","@id":"https:\/\/instinctshape.fr\/?page_id=1337#primaryimage","url":"https:\/\/instinctshape.fr\/wp-content\/uploads\/2021\/02\/instinct-shape-211230-scaled-e1640869483983.jpg","contentUrl":"https:\/\/instinctshape.fr\/wp-content\/uploads\/2021\/02\/instinct-shape-211230-scaled-e1640869483983.jpg","width":300,"height":169,"caption":"Logo de l'atelier"},{"@type":"BreadcrumbList","@id":"https:\/\/instinctshape.fr\/?page_id=1337#breadcrumb","itemListElement":[{"@type":"ListItem","position":1,"name":"Accueil","item":"https:\/\/instinctshape.fr\/"},{"@type":"ListItem","position":2,"name":"A propos"}]},{"@type":"WebSite","@id":"https:\/\/instinctshape.fr\/#website","url":"https:\/\/instinctshape.fr\/","name":"Instinct Shape","description":"D\u00e9veloppement et shape de planches de surf, paddle, wing, windsurf, classiques ou pour le foil","publisher":{"@id":"https:\/\/instinctshape.fr\/#organization"},"potentialAction":[{"@type":"SearchAction","target":{"@type":"EntryPoint","urlTemplate":"https:\/\/instinctshape.fr\/?s={search_term_string}"},"query-input":{"@type":"PropertyValueSpecification","valueRequired":true,"valueName":"search_term_string"}}],"inLanguage":"fr-FR"},{"@type":"Organization","@id":"https:\/\/instinctshape.fr\/#organization","name":"Instinct Shape","url":"https:\/\/instinctshape.fr\/","logo":{"@type":"ImageObject","inLanguage":"fr-FR","@id":"https:\/\/instinctshape.fr\/#\/schema\/logo\/image\/","url":"https:\/\/instinctshape.fr\/wp-content\/uploads\/2021\/02\/instinct-shape-211230-scaled-e1640869483983.jpg","contentUrl":"https:\/\/instinctshape.fr\/wp-content\/uploads\/2021\/02\/instinct-shape-211230-scaled-e1640869483983.jpg","width":300,"height":169,"caption":"Instinct Shape"},"image":{"@id":"https:\/\/instinctshape.fr\/#\/schema\/logo\/image\/"},"sameAs":["https:\/\/www.facebook.com\/profile.php?id=61577896174307"]}]}},"_links":{"self":[{"href":"https:\/\/instinctshape.fr\/index.php?rest_route=\/wp\/v2\/pages\/1337","targetHints":{"allow":["GET"]}}],"collection":[{"href":"https:\/\/instinctshape.fr\/index.php?rest_route=\/wp\/v2\/pages"}],"about":[{"href":"https:\/\/instinctshape.fr\/index.php?rest_route=\/wp\/v2\/types\/page"}],"author":[{"embeddable":true,"href":"https:\/\/instinctshape.fr\/index.php?rest_route=\/wp\/v2\/users\/1"}],"replies":[{"embeddable":true,"href":"https:\/\/instinctshape.fr\/index.php?rest_route=%2Fwp%2Fv2%2Fcomments&post=1337"}],"version-history":[{"count":6,"href":"https:\/\/instinctshape.fr\/index.php?rest_route=\/wp\/v2\/pages\/1337\/revisions"}],"predecessor-version":[{"id":1351,"href":"https:\/\/instinctshape.fr\/index.php?rest_route=\/wp\/v2\/pages\/1337\/revisions\/1351"}],"wp:attachment":[{"href":"https:\/\/instinctshape.fr\/index.php?rest_route=%2Fwp%2Fv2%2Fmedia&parent=1337"}],"curies":[{"name":"wp","href":"https:\/\/api.w.org\/{rel}","templated":true}]}}