{"id":1004,"date":"2021-02-16T15:30:24","date_gmt":"2021-02-16T15:30:24","guid":{"rendered":"http:\/\/instinctshape.fr\/?page_id=1004"},"modified":"2025-08-21T17:13:30","modified_gmt":"2025-08-21T15:13:30","slug":"accueil","status":"publish","type":"page","link":"https:\/\/instinctshape.fr\/","title":{"rendered":"Accueil"},"content":{"rendered":"\n<hr class=\"wp-block-separator has-alpha-channel-opacity is-style-wide\"\/>\n\n\n\n<div class=\"wp-block-columns is-layout-flex wp-container-core-columns-is-layout-28f84493 wp-block-columns-is-layout-flex\">\n<div class=\"wp-block-column is-layout-flow wp-block-column-is-layout-flow\">\n<figure class=\"wp-block-embed is-type-video is-provider-youtube wp-block-embed-youtube wp-embed-aspect-16-9 wp-has-aspect-ratio\"><div class=\"wp-block-embed__wrapper\">\n<div class=\"ast-oembed-container \" style=\"height: 100%;\"><iframe loading=\"lazy\" title=\"Boards Instinct Shape\" width=\"500\" height=\"281\" src=\"https:\/\/www.youtube.com\/embed\/0fJ7lttMW80?feature=oembed\" frameborder=\"0\" allow=\"accelerometer; autoplay; clipboard-write; encrypted-media; gyroscope; picture-in-picture; web-share\" referrerpolicy=\"strict-origin-when-cross-origin\" allowfullscreen><\/iframe><\/div>\n<\/div><\/figure>\n<\/div>\n\n\n\n<div class=\"wp-block-column is-layout-flow wp-block-column-is-layout-flow\">\n<h2 class=\"wp-block-heading\">La glisse sur mesure depuis + de 30 ans<\/h2>\n\n\n\n<h5 class=\"wp-block-heading has-ast-global-color-1-color has-text-color has-link-color wp-elements-78e3da1299b2da5c74393c25ececefab\">J\u00e9r\u00f4me Courtois est \u00e0 votre \u00e9coute pour fabriquer la planche de vos r\u00eaves : surf, SUP, wingsurf, windsurf, classique ou pour le foil.<\/h5>\n\n\n\n<div class=\"wp-block-buttons is-content-justification-center is-layout-flex wp-container-core-buttons-is-layout-a89b3969 wp-block-buttons-is-layout-flex\">\n<div class=\"wp-block-button is-style-outline is-style-outline--1\"><a class=\"wp-block-button__link has-ast-global-color-5-color has-ast-global-color-1-background-color has-text-color has-background has-link-color has-small-font-size has-custom-font-size wp-element-button\" href=\"https:\/\/instinctshape.fr\/?page_id=27\" style=\"border-style:none;border-width:0px;border-radius:25px\">Contact<\/a><\/div>\n<\/div>\n<\/div>\n<\/div>\n\n\n\n<hr class=\"wp-block-separator has-alpha-channel-opacity\"\/>\n\n\n\n<div class=\"wp-block-columns is-layout-flex wp-container-core-columns-is-layout-28f84493 wp-block-columns-is-layout-flex\">\n<div class=\"wp-block-column is-layout-flow wp-block-column-is-layout-flow\">\n<figure class=\"wp-block-image size-large\"><img loading=\"lazy\" decoding=\"async\" width=\"768\" height=\"1024\" src=\"http:\/\/instinctshape.fr\/wp-content\/uploads\/2025\/08\/1-3-768x1024.jpg\" alt=\"\" class=\"wp-image-1095\" srcset=\"https:\/\/instinctshape.fr\/wp-content\/uploads\/2025\/08\/1-3-768x1024.jpg 768w, https:\/\/instinctshape.fr\/wp-content\/uploads\/2025\/08\/1-3-225x300.jpg 225w, https:\/\/instinctshape.fr\/wp-content\/uploads\/2025\/08\/1-3-1152x1536.jpg 1152w, https:\/\/instinctshape.fr\/wp-content\/uploads\/2025\/08\/1-3.jpg 1536w\" sizes=\"auto, (max-width: 768px) 100vw, 768px\" \/><\/figure>\n<\/div>\n\n\n\n<div class=\"wp-block-column is-layout-flow wp-block-column-is-layout-flow\">\n<h2 class=\"wp-block-heading\">Les planches<\/h2>\n\n\n\n<h5 class=\"wp-block-heading\">&#8211; Surf<br>&#8211; Wind<br>&#8211; Wing<br>&#8211; SUP<\/h5>\n\n\n\n<div class=\"wp-block-buttons is-content-justification-center is-layout-flex wp-container-core-buttons-is-layout-a89b3969 wp-block-buttons-is-layout-flex\">\n<div class=\"wp-block-button\"><a class=\"wp-block-button__link has-text-align-center wp-element-button\" href=\"https:\/\/instinctshape.fr\/?page_id=1174\">Voir mes shapes r\u00e9cents<\/a><\/div>\n<\/div>\n<\/div>\n<\/div>\n\n\n\n<hr class=\"wp-block-separator has-alpha-channel-opacity\"\/>\n\n\n\n<div class=\"wp-block-columns is-layout-flex wp-container-core-columns-is-layout-28f84493 wp-block-columns-is-layout-flex\">\n<div class=\"wp-block-column is-layout-flow wp-block-column-is-layout-flow\">\n<figure class=\"wp-block-image size-large\"><img loading=\"lazy\" decoding=\"async\" width=\"1440\" height=\"810\" src=\"https:\/\/instinctshape.fr\/wp-content\/uploads\/2025\/08\/6-1024x576.jpg\" alt=\"\" class=\"wp-image-1098\" srcset=\"https:\/\/instinctshape.fr\/wp-content\/uploads\/2025\/08\/6-1024x576.jpg 1024w, https:\/\/instinctshape.fr\/wp-content\/uploads\/2025\/08\/6-300x169.jpg 300w, https:\/\/instinctshape.fr\/wp-content\/uploads\/2025\/08\/6-768x432.jpg 768w, https:\/\/instinctshape.fr\/wp-content\/uploads\/2025\/08\/6.jpg 1440w\" sizes=\"auto, (max-width: 1440px) 100vw, 1440px\" \/><\/figure>\n<\/div>\n\n\n\n<div class=\"wp-block-column is-layout-flow wp-block-column-is-layout-flow\">\n<h2 class=\"wp-block-heading\">La fabrication<\/h2>\n\n\n\n<h5 class=\"wp-block-heading\">&#8211; Custom carbon<br>&#8211; Carbon wrap<\/h5>\n\n\n\n<div class=\"wp-block-buttons is-content-justification-center is-layout-flex wp-container-core-buttons-is-layout-a89b3969 wp-block-buttons-is-layout-flex\">\n<div class=\"wp-block-button\"><a class=\"wp-block-button__link wp-element-button\" href=\"https:\/\/instinctshape.fr\/?page_id=1263\">En savoir plus<\/a><\/div>\n<\/div>\n<\/div>\n<\/div>\n\n\n\n<hr class=\"wp-block-separator has-alpha-channel-opacity\"\/>\n\n\n\n<div class=\"wp-block-columns is-layout-flex wp-container-core-columns-is-layout-28f84493 wp-block-columns-is-layout-flex\">\n<div class=\"wp-block-column is-layout-flow wp-block-column-is-layout-flow\">\n<figure class=\"wp-block-image size-full\"><img loading=\"lazy\" decoding=\"async\" width=\"640\" height=\"640\" src=\"https:\/\/instinctshape.fr\/wp-content\/uploads\/2025\/08\/5.jpg\" alt=\"\" class=\"wp-image-1101\" srcset=\"https:\/\/instinctshape.fr\/wp-content\/uploads\/2025\/08\/5.jpg 640w, https:\/\/instinctshape.fr\/wp-content\/uploads\/2025\/08\/5-300x300.jpg 300w, https:\/\/instinctshape.fr\/wp-content\/uploads\/2025\/08\/5-150x150.jpg 150w\" sizes=\"auto, (max-width: 640px) 100vw, 640px\" \/><\/figure>\n<\/div>\n\n\n\n<div class=\"wp-block-column is-layout-flow wp-block-column-is-layout-flow\">\n<h2 class=\"wp-block-heading\">Une exp\u00e9rience de + 30 ans<\/h2>\n\n\n\n<h5 class=\"wp-block-heading\">&#8211; Instinct Shape<br>&#8211; So Carbon<br>&#8211; Spotz<br>&#8211; Les d\u00e9buts<\/h5>\n\n\n\n<div class=\"wp-block-buttons is-content-justification-center is-layout-flex wp-container-core-buttons-is-layout-a89b3969 wp-block-buttons-is-layout-flex\">\n<div class=\"wp-block-button\"><a class=\"wp-block-button__link wp-element-button\" href=\"https:\/\/instinctshape.fr\/?page_id=1337\">A propos<\/a><\/div>\n<\/div>\n<\/div>\n<\/div>\n\n\n\n<hr class=\"wp-block-separator has-alpha-channel-opacity is-style-wide\"\/>\n\n\n\n<div class=\"wp-block-columns alignfull is-layout-flex wp-container-core-columns-is-layout-28f84493 wp-block-columns-is-layout-flex\">\n<div class=\"wp-block-column is-layout-flow wp-block-column-is-layout-flow\">\n<figure class=\"wp-block-image aligncenter size-full is-resized\"><img loading=\"lazy\" decoding=\"async\" width=\"300\" height=\"169\" src=\"http:\/\/instinctshape.fr\/wp-content\/uploads\/2021\/02\/instinct-shape-211230-scaled-e1640869483983.jpg\" alt=\"Instinct Shape logo\" class=\"wp-image-1037\" style=\"width:150px\" srcset=\"https:\/\/instinctshape.fr\/wp-content\/uploads\/2021\/02\/instinct-shape-211230-scaled-e1640869483983.jpg 300w, https:\/\/instinctshape.fr\/wp-content\/uploads\/2021\/02\/instinct-shape-211230-scaled-e1640869483983-185x104.jpg 185w\" sizes=\"auto, (max-width: 300px) 100vw, 300px\" \/><\/figure>\n<\/div>\n\n\n\n<div class=\"wp-block-column is-vertically-aligned-center is-layout-flow wp-block-column-is-layout-flow\">\n<p class=\"has-text-align-center has-ast-global-color-1-color has-text-color has-link-color wp-elements-397e188914e56151c6b4b79df30bd0a4\"><strong>Kervelogan 29880 PLOUGUERNEAU<br>06 64 18 68 42<br>contact@instinctshape.fr<\/strong><\/p>\n<\/div>\n\n\n\n<div class=\"wp-block-column is-layout-flow wp-block-column-is-layout-flow\">\n<p class=\"has-text-align-center has-ast-global-color-1-color has-text-color has-link-color wp-elements-5f6003bf0dbc22fb30e793a386b47abd\"><strong><a href=\"https:\/\/instinctshape.fr\/\">Accueil<\/a><br><a data-type=\"page\" data-id=\"1174\" href=\"https:\/\/instinctshape.fr\/?page_id=1174\">Planches<\/a><br><a data-type=\"page\" data-id=\"1263\" href=\"https:\/\/instinctshape.fr\/?page_id=1263\">Fabrication<\/a><br><a href=\"https:\/\/instinctshape.fr\/?page_id=1337\">A propos<\/a><\/strong><br><strong><a href=\"https:\/\/instinctshape.fr\/?page_id=27\">Contact<\/a><\/strong><\/p>\n<\/div>\n\n\n\n<div class=\"wp-block-column is-vertically-aligned-center is-layout-flow wp-block-column-is-layout-flow\">\n<ul class=\"wp-block-social-links is-content-justification-center is-layout-flex wp-container-core-social-links-is-layout-a89b3969 wp-block-social-links-is-layout-flex\"><li class=\"wp-social-link wp-social-link-mail  wp-block-social-link\"><a href=\"https:\/\/instinctshape.fr\/?page_id=27\" class=\"wp-block-social-link-anchor\"><svg width=\"24\" height=\"24\" viewBox=\"0 0 24 24\" version=\"1.1\" xmlns=\"http:\/\/www.w3.org\/2000\/svg\" aria-hidden=\"true\" focusable=\"false\"><path d=\"M19,5H5c-1.1,0-2,.9-2,2v10c0,1.1.9,2,2,2h14c1.1,0,2-.9,2-2V7c0-1.1-.9-2-2-2zm.5,12c0,.3-.2.5-.5.5H5c-.3,0-.5-.2-.5-.5V9.8l7.5,5.6,7.5-5.6V17zm0-9.1L12,13.6,4.5,7.9V7c0-.3.2-.5.5-.5h14c.3,0,.5.2.5.5v.9z\"><\/path><\/svg><span class=\"wp-block-social-link-label screen-reader-text\">E-mail<\/span><\/a><\/li>\n\n<li class=\"wp-social-link wp-social-link-facebook  wp-block-social-link\"><a href=\"https:\/\/www.facebook.com\/profile.php?id=61577896174307\" class=\"wp-block-social-link-anchor\"><svg width=\"24\" height=\"24\" viewBox=\"0 0 24 24\" version=\"1.1\" xmlns=\"http:\/\/www.w3.org\/2000\/svg\" aria-hidden=\"true\" focusable=\"false\"><path d=\"M12 2C6.5 2 2 6.5 2 12c0 5 3.7 9.1 8.4 9.9v-7H7.9V12h2.5V9.8c0-2.5 1.5-3.9 3.8-3.9 1.1 0 2.2.2 2.2.2v2.5h-1.3c-1.2 0-1.6.8-1.6 1.6V12h2.8l-.4 2.9h-2.3v7C18.3 21.1 22 17 22 12c0-5.5-4.5-10-10-10z\"><\/path><\/svg><span class=\"wp-block-social-link-label screen-reader-text\">Facebook<\/span><\/a><\/li><\/ul>\n<\/div>\n<\/div>\n\n\n\n<p><\/p>\n","protected":false},"excerpt":{"rendered":"<p>La glisse sur mesure depuis + de 30 ans J\u00e9r\u00f4me Courtois est \u00e0 votre \u00e9coute pour fabriquer la planche de vos r\u00eaves : surf, SUP, wingsurf, windsurf, classique ou pour le foil. Les planches &#8211; Surf&#8211; Wind&#8211; Wing&#8211; SUP La fabrication &#8211; Custom carbon&#8211; Carbon wrap Une exp\u00e9rience de + 30 ans &#8211; Instinct Shape&#8211; [&hellip;]<\/p>\n","protected":false},"author":1,"featured_media":0,"parent":0,"menu_order":0,"comment_status":"closed","ping_status":"closed","template":"","meta":{"site-sidebar-layout":"no-sidebar","site-content-layout":"page-builder","ast-site-content-layout":"normal-width-container","site-content-style":"unboxed","site-sidebar-style":"unboxed","ast-global-header-display":"","ast-banner-title-visibility":"","ast-main-header-display":"","ast-hfb-above-header-display":"","ast-hfb-below-header-display":"","ast-hfb-mobile-header-display":"","site-post-title":"disabled","ast-breadcrumbs-content":"disabled","ast-featured-img":"disabled","footer-sml-layout":"","theme-transparent-header-meta":"disabled","adv-header-id-meta":"","stick-header-meta":"","header-above-stick-meta":"","header-main-stick-meta":"","header-below-stick-meta":"","astra-migrate-meta-layouts":"set","ast-page-background-enabled":"default","ast-page-background-meta":{"desktop":{"background-color":"","background-image":"","background-repeat":"repeat","background-position":"center center","background-size":"auto","background-attachment":"scroll","background-type":"","background-media":"","overlay-type":"","overlay-color":"","overlay-opacity":"","overlay-gradient":""},"tablet":{"background-color":"","background-image":"","background-repeat":"repeat","background-position":"center center","background-size":"auto","background-attachment":"scroll","background-type":"","background-media":"","overlay-type":"","overlay-color":"","overlay-opacity":"","overlay-gradient":""},"mobile":{"background-color":"","background-image":"","background-repeat":"repeat","background-position":"center center","background-size":"auto","background-attachment":"scroll","background-type":"","background-media":"","overlay-type":"","overlay-color":"","overlay-opacity":"","overlay-gradient":""}},"ast-content-background-meta":{"desktop":{"background-color":"var(--ast-global-color-5)","background-image":"","background-repeat":"repeat","background-position":"center center","background-size":"auto","background-attachment":"scroll","background-type":"","background-media":"","overlay-type":"","overlay-color":"","overlay-opacity":"","overlay-gradient":""},"tablet":{"background-color":"var(--ast-global-color-5)","background-image":"","background-repeat":"repeat","background-position":"center center","background-size":"auto","background-attachment":"scroll","background-type":"","background-media":"","overlay-type":"","overlay-color":"","overlay-opacity":"","overlay-gradient":""},"mobile":{"background-color":"var(--ast-global-color-5)","background-image":"","background-repeat":"repeat","background-position":"center center","background-size":"auto","background-attachment":"scroll","background-type":"","background-media":"","overlay-type":"","overlay-color":"","overlay-opacity":"","overlay-gradient":""}},"footnotes":""},"class_list":["post-1004","page","type-page","status-publish","hentry"],"yoast_head":"<!-- This site is optimized with the Yoast SEO plugin v25.7 - https:\/\/yoast.com\/wordpress\/plugins\/seo\/ -->\n<title>Accueil - Instinct Shape<\/title>\n<meta name=\"description\" content=\"J\u00e9r\u00f4me Courtois est \u00e0 votre \u00e9coute pour fabriquer la planche de vos r\u00eaves : surf, SUP, wingsurf, windsurf, classiques ou pour le foil.\" \/>\n<meta name=\"robots\" content=\"index, follow, max-snippet:-1, max-image-preview:large, max-video-preview:-1\" \/>\n<link rel=\"canonical\" href=\"https:\/\/instinctshape.fr\/\" \/>\n<meta property=\"og:locale\" content=\"fr_FR\" \/>\n<meta property=\"og:type\" content=\"article\" \/>\n<meta property=\"og:title\" content=\"Accueil - Instinct Shape\" \/>\n<meta property=\"og:description\" content=\"J\u00e9r\u00f4me Courtois est \u00e0 votre \u00e9coute pour fabriquer la planche de vos r\u00eaves : surf, SUP, wingsurf, windsurf, classiques ou pour le foil.\" \/>\n<meta property=\"og:url\" content=\"https:\/\/instinctshape.fr\/\" \/>\n<meta property=\"og:site_name\" content=\"Instinct Shape\" \/>\n<meta property=\"article:publisher\" content=\"https:\/\/www.facebook.com\/profile.php?id=61577896174307\" \/>\n<meta property=\"article:modified_time\" content=\"2025-08-21T15:13:30+00:00\" \/>\n<meta property=\"og:image\" content=\"https:\/\/instinctshape.fr\/wp-content\/uploads\/2025\/08\/1-3.jpg\" \/>\n\t<meta property=\"og:image:width\" content=\"1536\" \/>\n\t<meta property=\"og:image:height\" content=\"2048\" \/>\n\t<meta property=\"og:image:type\" content=\"image\/jpeg\" \/>\n<meta name=\"twitter:card\" content=\"summary_large_image\" \/>\n<meta name=\"twitter:label1\" content=\"Dur\u00e9e de lecture estim\u00e9e\" \/>\n\t<meta name=\"twitter:data1\" content=\"2 minutes\" \/>\n<script type=\"application\/ld+json\" class=\"yoast-schema-graph\">{\"@context\":\"https:\/\/schema.org\",\"@graph\":[{\"@type\":\"WebPage\",\"@id\":\"https:\/\/instinctshape.fr\/\",\"url\":\"https:\/\/instinctshape.fr\/\",\"name\":\"Accueil - Instinct Shape\",\"isPartOf\":{\"@id\":\"https:\/\/instinctshape.fr\/#website\"},\"primaryImageOfPage\":{\"@id\":\"https:\/\/instinctshape.fr\/#primaryimage\"},\"image\":{\"@id\":\"https:\/\/instinctshape.fr\/#primaryimage\"},\"thumbnailUrl\":\"http:\/\/instinctshape.fr\/wp-content\/uploads\/2025\/08\/1-3-768x1024.jpg\",\"datePublished\":\"2021-02-16T15:30:24+00:00\",\"dateModified\":\"2025-08-21T15:13:30+00:00\",\"description\":\"J\u00e9r\u00f4me Courtois est \u00e0 votre \u00e9coute pour fabriquer la planche de vos r\u00eaves : surf, SUP, wingsurf, windsurf, classiques ou pour le foil.\",\"breadcrumb\":{\"@id\":\"https:\/\/instinctshape.fr\/#breadcrumb\"},\"inLanguage\":\"fr-FR\",\"potentialAction\":[{\"@type\":\"ReadAction\",\"target\":[\"https:\/\/instinctshape.fr\/\"]}]},{\"@type\":\"ImageObject\",\"inLanguage\":\"fr-FR\",\"@id\":\"https:\/\/instinctshape.fr\/#primaryimage\",\"url\":\"https:\/\/instinctshape.fr\/wp-content\/uploads\/2025\/08\/1-3.jpg\",\"contentUrl\":\"https:\/\/instinctshape.fr\/wp-content\/uploads\/2025\/08\/1-3.jpg\",\"width\":1536,\"height\":2048},{\"@type\":\"BreadcrumbList\",\"@id\":\"https:\/\/instinctshape.fr\/#breadcrumb\",\"itemListElement\":[{\"@type\":\"ListItem\",\"position\":1,\"name\":\"Accueil\",\"item\":\"https:\/\/instinctshape.fr\/\"},{\"@type\":\"ListItem\",\"position\":2,\"name\":\"Accueil\"}]},{\"@type\":\"WebSite\",\"@id\":\"https:\/\/instinctshape.fr\/#website\",\"url\":\"https:\/\/instinctshape.fr\/\",\"name\":\"Instinct Shape\",\"description\":\"D\u00e9veloppement et shape de planches de surf, paddle, wing, windsurf, classiques ou pour le foil\",\"publisher\":{\"@id\":\"https:\/\/instinctshape.fr\/#organization\"},\"potentialAction\":[{\"@type\":\"SearchAction\",\"target\":{\"@type\":\"EntryPoint\",\"urlTemplate\":\"https:\/\/instinctshape.fr\/?s={search_term_string}\"},\"query-input\":{\"@type\":\"PropertyValueSpecification\",\"valueRequired\":true,\"valueName\":\"search_term_string\"}}],\"inLanguage\":\"fr-FR\"},{\"@type\":\"Organization\",\"@id\":\"https:\/\/instinctshape.fr\/#organization\",\"name\":\"Instinct Shape\",\"url\":\"https:\/\/instinctshape.fr\/\",\"logo\":{\"@type\":\"ImageObject\",\"inLanguage\":\"fr-FR\",\"@id\":\"https:\/\/instinctshape.fr\/#\/schema\/logo\/image\/\",\"url\":\"https:\/\/instinctshape.fr\/wp-content\/uploads\/2021\/02\/instinct-shape-211230-scaled-e1640869483983.jpg\",\"contentUrl\":\"https:\/\/instinctshape.fr\/wp-content\/uploads\/2021\/02\/instinct-shape-211230-scaled-e1640869483983.jpg\",\"width\":300,\"height\":169,\"caption\":\"Instinct Shape\"},\"image\":{\"@id\":\"https:\/\/instinctshape.fr\/#\/schema\/logo\/image\/\"},\"sameAs\":[\"https:\/\/www.facebook.com\/profile.php?id=61577896174307\"]}]}<\/script>\n<!-- \/ Yoast SEO plugin. -->","yoast_head_json":{"title":"Accueil - Instinct Shape","description":"J\u00e9r\u00f4me Courtois est \u00e0 votre \u00e9coute pour fabriquer la planche de vos r\u00eaves : surf, SUP, wingsurf, windsurf, classiques ou pour le foil.","robots":{"index":"index","follow":"follow","max-snippet":"max-snippet:-1","max-image-preview":"max-image-preview:large","max-video-preview":"max-video-preview:-1"},"canonical":"https:\/\/instinctshape.fr\/","og_locale":"fr_FR","og_type":"article","og_title":"Accueil - Instinct Shape","og_description":"J\u00e9r\u00f4me Courtois est \u00e0 votre \u00e9coute pour fabriquer la planche de vos r\u00eaves : surf, SUP, wingsurf, windsurf, classiques ou pour le foil.","og_url":"https:\/\/instinctshape.fr\/","og_site_name":"Instinct Shape","article_publisher":"https:\/\/www.facebook.com\/profile.php?id=61577896174307","article_modified_time":"2025-08-21T15:13:30+00:00","og_image":[{"width":1536,"height":2048,"url":"https:\/\/instinctshape.fr\/wp-content\/uploads\/2025\/08\/1-3.jpg","type":"image\/jpeg"}],"twitter_card":"summary_large_image","twitter_misc":{"Dur\u00e9e de lecture estim\u00e9e":"2 minutes"},"schema":{"@context":"https:\/\/schema.org","@graph":[{"@type":"WebPage","@id":"https:\/\/instinctshape.fr\/","url":"https:\/\/instinctshape.fr\/","name":"Accueil - Instinct Shape","isPartOf":{"@id":"https:\/\/instinctshape.fr\/#website"},"primaryImageOfPage":{"@id":"https:\/\/instinctshape.fr\/#primaryimage"},"image":{"@id":"https:\/\/instinctshape.fr\/#primaryimage"},"thumbnailUrl":"http:\/\/instinctshape.fr\/wp-content\/uploads\/2025\/08\/1-3-768x1024.jpg","datePublished":"2021-02-16T15:30:24+00:00","dateModified":"2025-08-21T15:13:30+00:00","description":"J\u00e9r\u00f4me Courtois est \u00e0 votre \u00e9coute pour fabriquer la planche de vos r\u00eaves : surf, SUP, wingsurf, windsurf, classiques ou pour le foil.","breadcrumb":{"@id":"https:\/\/instinctshape.fr\/#breadcrumb"},"inLanguage":"fr-FR","potentialAction":[{"@type":"ReadAction","target":["https:\/\/instinctshape.fr\/"]}]},{"@type":"ImageObject","inLanguage":"fr-FR","@id":"https:\/\/instinctshape.fr\/#primaryimage","url":"https:\/\/instinctshape.fr\/wp-content\/uploads\/2025\/08\/1-3.jpg","contentUrl":"https:\/\/instinctshape.fr\/wp-content\/uploads\/2025\/08\/1-3.jpg","width":1536,"height":2048},{"@type":"BreadcrumbList","@id":"https:\/\/instinctshape.fr\/#breadcrumb","itemListElement":[{"@type":"ListItem","position":1,"name":"Accueil","item":"https:\/\/instinctshape.fr\/"},{"@type":"ListItem","position":2,"name":"Accueil"}]},{"@type":"WebSite","@id":"https:\/\/instinctshape.fr\/#website","url":"https:\/\/instinctshape.fr\/","name":"Instinct Shape","description":"D\u00e9veloppement et shape de planches de surf, paddle, wing, windsurf, classiques ou pour le foil","publisher":{"@id":"https:\/\/instinctshape.fr\/#organization"},"potentialAction":[{"@type":"SearchAction","target":{"@type":"EntryPoint","urlTemplate":"https:\/\/instinctshape.fr\/?s={search_term_string}"},"query-input":{"@type":"PropertyValueSpecification","valueRequired":true,"valueName":"search_term_string"}}],"inLanguage":"fr-FR"},{"@type":"Organization","@id":"https:\/\/instinctshape.fr\/#organization","name":"Instinct Shape","url":"https:\/\/instinctshape.fr\/","logo":{"@type":"ImageObject","inLanguage":"fr-FR","@id":"https:\/\/instinctshape.fr\/#\/schema\/logo\/image\/","url":"https:\/\/instinctshape.fr\/wp-content\/uploads\/2021\/02\/instinct-shape-211230-scaled-e1640869483983.jpg","contentUrl":"https:\/\/instinctshape.fr\/wp-content\/uploads\/2021\/02\/instinct-shape-211230-scaled-e1640869483983.jpg","width":300,"height":169,"caption":"Instinct Shape"},"image":{"@id":"https:\/\/instinctshape.fr\/#\/schema\/logo\/image\/"},"sameAs":["https:\/\/www.facebook.com\/profile.php?id=61577896174307"]}]}},"_links":{"self":[{"href":"https:\/\/instinctshape.fr\/index.php?rest_route=\/wp\/v2\/pages\/1004","targetHints":{"allow":["GET"]}}],"collection":[{"href":"https:\/\/instinctshape.fr\/index.php?rest_route=\/wp\/v2\/pages"}],"about":[{"href":"https:\/\/instinctshape.fr\/index.php?rest_route=\/wp\/v2\/types\/page"}],"author":[{"embeddable":true,"href":"https:\/\/instinctshape.fr\/index.php?rest_route=\/wp\/v2\/users\/1"}],"replies":[{"embeddable":true,"href":"https:\/\/instinctshape.fr\/index.php?rest_route=%2Fwp%2Fv2%2Fcomments&post=1004"}],"version-history":[{"count":47,"href":"https:\/\/instinctshape.fr\/index.php?rest_route=\/wp\/v2\/pages\/1004\/revisions"}],"predecessor-version":[{"id":1344,"href":"https:\/\/instinctshape.fr\/index.php?rest_route=\/wp\/v2\/pages\/1004\/revisions\/1344"}],"wp:attachment":[{"href":"https:\/\/instinctshape.fr\/index.php?rest_route=%2Fwp%2Fv2%2Fmedia&parent=1004"}],"curies":[{"name":"wp","href":"https:\/\/api.w.org\/{rel}","templated":true}]}}